{"id":12,"date":"2023-04-17T13:58:41","date_gmt":"2023-04-17T11:58:41","guid":{"rendered":"https:\/\/www.obviouscycles.com\/?page_id=12"},"modified":"2026-02-26T17:08:09","modified_gmt":"2026-02-26T16:08:09","slug":"velos-titane","status":"publish","type":"page","link":"https:\/\/www.obviouscycles.com\/en\/velos-titane\/","title":{"rendered":"Titanium bikes : choosing performance"},"content":{"rendered":"<div id=\"ancragetop\"><\/div>\n<p>At OBVIOUS, we've chosen to design <strong><strong>titanium bikes<\/strong><\/strong>. Performance, comfort, lightness and strength: this <strong><strong>material<\/strong><\/strong> is an obvious choice to push the sensations and pleasure on your bike a little further !\n<\/p>\n<p><\/br><\/p>\n<p>Gr\u00e2ce aux propri\u00e9t\u00e9s m\u00e9caniques uniques du titane, le cadre absorbe les vibrations, revient imm\u00e9diatement en position et restitue toute votre \u00e9nergie.<\/p>\n<p><\/br><\/p>\n<p><strong><strong>Route<\/strong><\/strong>, <strong><strong>gravel <\/strong><\/strong>ou <strong><strong>titanium MTBs<\/strong><\/strong>, chaque v\u00e9lo titane Obvious offre un rendement optimal et un contr\u00f4le total.<\/p>\n<p><!--more--><\/p>","protected":false},"excerpt":{"rendered":"<p>Chez OBVIOUS, nous avons fait le choix de concevoir des v\u00e9los en titane. Performance, confort, l\u00e9g\u00e8ret\u00e9 et r\u00e9sistance : ce mat\u00e9riau est une \u00e9vidence pour pousser toujours un peu plus loin les sensations et le plaisir sur votre monture ! Gr\u00e2ce aux propri\u00e9t\u00e9s m\u00e9caniques uniques du titane, le cadre absorbe les vibrations, revient imm\u00e9diatement en [&hellip;]<\/p>\n","protected":false},"author":1,"featured_media":3068,"parent":0,"menu_order":21,"comment_status":"closed","ping_status":"closed","template":"","meta":{"_acf_changed":false,"inline_featured_image":false,"footnotes":""},"class_list":["post-12","page","type-page","status-publish","has-post-thumbnail","hentry"],"acf":[],"_links":{"self":[{"href":"https:\/\/www.obviouscycles.com\/en\/wp-json\/wp\/v2\/pages\/12","targetHints":{"allow":["GET"]}}],"collection":[{"href":"https:\/\/www.obviouscycles.com\/en\/wp-json\/wp\/v2\/pages"}],"about":[{"href":"https:\/\/www.obviouscycles.com\/en\/wp-json\/wp\/v2\/types\/page"}],"author":[{"embeddable":true,"href":"https:\/\/www.obviouscycles.com\/en\/wp-json\/wp\/v2\/users\/1"}],"replies":[{"embeddable":true,"href":"https:\/\/www.obviouscycles.com\/en\/wp-json\/wp\/v2\/comments?post=12"}],"version-history":[{"count":0,"href":"https:\/\/www.obviouscycles.com\/en\/wp-json\/wp\/v2\/pages\/12\/revisions"}],"wp:featuredmedia":[{"embeddable":true,"href":"https:\/\/www.obviouscycles.com\/en\/wp-json\/wp\/v2\/media\/3068"}],"wp:attachment":[{"href":"https:\/\/www.obviouscycles.com\/en\/wp-json\/wp\/v2\/media?parent=12"}],"curies":[{"name":"wp","href":"https:\/\/api.w.org\/{rel}","templated":true}]}}