{"id":120,"date":"2023-04-17T17:03:02","date_gmt":"2023-04-17T15:03:02","guid":{"rendered":"https:\/\/www.obviouscycles.com\/velos\/sur-mesur\/"},"modified":"2026-03-11T09:53:17","modified_gmt":"2026-03-11T08:53:17","slug":"velo-titane-sur-mesure","status":"publish","type":"page","link":"https:\/\/www.obviouscycles.com\/en\/velos-titane\/velo-titane-sur-mesure\/","title":{"rendered":"OBVIOUS ON DEMAND"},"content":{"rendered":"<h2>Le titane pour les sensations<br \/>\nLe sur mesure pour en faire votre v\u00e9lo<\/h2>\n<p>&nbsp;<br \/>\n<img loading=\"lazy\" decoding=\"async\" class=\"aligncenter wp-image-919\" src=\"https:\/\/www.obviouscycles.com\/wp-content\/uploads\/2023\/05\/label-3.svg\" alt=\"\" width=\"100\" height=\"110\" title=\"\"><\/p>\n<p>&nbsp;<\/p>\n<p>At OBVIOUS, a <strong><strong>made-to-measure titanium bike<\/strong><\/strong> est une \u00e9vidence. C'est m\u00eame dans l'ADN de notre marque.<br \/>\nPassionn\u00e9s par l'utilisateur et le produit, sensibles \u00e0 toutes <strong><strong>all types of cycling<\/strong><\/strong>, nous concevons et assemblons des <strong><strong>custom bikes<\/strong><\/strong> dans nos ateliers \u00e0 Saint-Chamond (42).<br \/>\nTout comme les v\u00e9los, les <strong><strong>Custom frame kits<\/strong><\/strong> are also available.<\/p>\n<p><!--more--><\/p>","protected":false},"excerpt":{"rendered":"<p>Le titane pour les sensations Le sur mesure pour en faire votre v\u00e9lo &nbsp; &nbsp; Chez OBVIOUS, le v\u00e9lo titane sur mesure est une \u00e9vidence. C'est m\u00eame dans l'ADN de notre marque. Passionn\u00e9s par l'utilisateur et le produit, sensibles \u00e0 toutes les pratiques cyclistes, nous concevons et assemblons des v\u00e9los sur mesure dans nos ateliers [&hellip;]<\/p>\n","protected":false},"author":1,"featured_media":2714,"parent":12,"menu_order":10,"comment_status":"closed","ping_status":"closed","template":"","meta":{"_acf_changed":false,"inline_featured_image":false,"footnotes":""},"class_list":["post-120","page","type-page","status-publish","has-post-thumbnail","hentry"],"acf":[],"_links":{"self":[{"href":"https:\/\/www.obviouscycles.com\/en\/wp-json\/wp\/v2\/pages\/120","targetHints":{"allow":["GET"]}}],"collection":[{"href":"https:\/\/www.obviouscycles.com\/en\/wp-json\/wp\/v2\/pages"}],"about":[{"href":"https:\/\/www.obviouscycles.com\/en\/wp-json\/wp\/v2\/types\/page"}],"author":[{"embeddable":true,"href":"https:\/\/www.obviouscycles.com\/en\/wp-json\/wp\/v2\/users\/1"}],"replies":[{"embeddable":true,"href":"https:\/\/www.obviouscycles.com\/en\/wp-json\/wp\/v2\/comments?post=120"}],"version-history":[{"count":0,"href":"https:\/\/www.obviouscycles.com\/en\/wp-json\/wp\/v2\/pages\/120\/revisions"}],"up":[{"embeddable":true,"href":"https:\/\/www.obviouscycles.com\/en\/wp-json\/wp\/v2\/pages\/12"}],"wp:featuredmedia":[{"embeddable":true,"href":"https:\/\/www.obviouscycles.com\/en\/wp-json\/wp\/v2\/media\/2714"}],"wp:attachment":[{"href":"https:\/\/www.obviouscycles.com\/en\/wp-json\/wp\/v2\/media?parent=120"}],"curies":[{"name":"wp","href":"https:\/\/api.w.org\/{rel}","templated":true}]}}