{"id":1348,"date":"2023-08-23T17:19:26","date_gmt":"2023-08-23T15:19:26","guid":{"rendered":"https:\/\/www.obviouscycles.com\/?page_id=1348"},"modified":"2025-10-13T08:54:39","modified_gmt":"2025-10-13T06:54:39","slug":"cadre-gravel-titane-on-off","status":"publish","type":"page","link":"https:\/\/www.obviouscycles.com\/en\/equipement\/kit-cadre-titane\/cadre-gravel-titane-on-off\/","title":{"rendered":"Gravel titanium ON\/OFF frame kit"},"content":{"rendered":"<p>You ride on roads, tracks and trails. You're looking for a <strong>titanium gravel bike<\/strong> to assemble your own components : the ON\/OFF frame kit is for you. It's at the heart of the ideal bike for trips, sports outings with friends and all your cycling adventures. Treat yourself to the best of both worlds : comfort and performance, with ON\/OFF, the OBVIOUS titanium gravel bike frame kit!<\/p>\n<p style=\"text-align: center;\"><a  class=\"SC-button btn btn-primary\" href=\"https:\/\/shop.obviouscycles.com\/parts\/5-kit-cadre-700c-engaged-gravel.html\">Order your frame kit<\/a>\n<p><!--more--><\/p>","protected":false},"excerpt":{"rendered":"<p>Vous roulez sur les routes, les pistes, les sentiers. Vous cherchez un cadre gravel titane polyvalent pour assembler vos propres composants : le kit cadre ON\/OFF est fait pour vous. Il est au coeur du v\u00e9lo monture id\u00e9al pour les voyages, les sorties sportives entre amis et toutes vos aventures \u00e0 v\u00e9lo. Offrez-vous le meilleur [&hellip;]<\/p>\n","protected":false},"author":3,"featured_media":1878,"parent":164,"menu_order":0,"comment_status":"closed","ping_status":"closed","template":"","meta":{"_acf_changed":false,"inline_featured_image":false,"footnotes":""},"class_list":["post-1348","page","type-page","status-publish","has-post-thumbnail","hentry"],"acf":[],"_links":{"self":[{"href":"https:\/\/www.obviouscycles.com\/en\/wp-json\/wp\/v2\/pages\/1348","targetHints":{"allow":["GET"]}}],"collection":[{"href":"https:\/\/www.obviouscycles.com\/en\/wp-json\/wp\/v2\/pages"}],"about":[{"href":"https:\/\/www.obviouscycles.com\/en\/wp-json\/wp\/v2\/types\/page"}],"author":[{"embeddable":true,"href":"https:\/\/www.obviouscycles.com\/en\/wp-json\/wp\/v2\/users\/3"}],"replies":[{"embeddable":true,"href":"https:\/\/www.obviouscycles.com\/en\/wp-json\/wp\/v2\/comments?post=1348"}],"version-history":[{"count":0,"href":"https:\/\/www.obviouscycles.com\/en\/wp-json\/wp\/v2\/pages\/1348\/revisions"}],"up":[{"embeddable":true,"href":"https:\/\/www.obviouscycles.com\/en\/wp-json\/wp\/v2\/pages\/164"}],"wp:featuredmedia":[{"embeddable":true,"href":"https:\/\/www.obviouscycles.com\/en\/wp-json\/wp\/v2\/media\/1878"}],"wp:attachment":[{"href":"https:\/\/www.obviouscycles.com\/en\/wp-json\/wp\/v2\/media?parent=1348"}],"curies":[{"name":"wp","href":"https:\/\/api.w.org\/{rel}","templated":true}]}}