{"id":1369,"date":"2023-08-23T17:16:23","date_gmt":"2023-08-23T15:16:23","guid":{"rendered":"https:\/\/www.obviouscycles.com\/?page_id=1369"},"modified":"2025-10-13T08:54:42","modified_gmt":"2025-10-13T06:54:42","slug":"cadre-vtt-titane-off","status":"publish","type":"page","link":"https:\/\/www.obviouscycles.com\/en\/equipement\/kit-cadre-titane\/cadre-vtt-titane-off\/","title":{"rendered":"MTB titanium frame kit \/OFF"},"content":{"rendered":"<p>You like riding singletracks, taking on challenging trails and tackling fast descents. You also want to assemble your carefully chosen components yourself. The <strong>titanium \/OFF MTB frame kit<\/strong> is for you. This <strong>hardtail enduro<\/strong> frame is the perfect companion for riders who want to push the thrills and fun of <strong>titanium MTBs<\/strong>.<\/p>\n<p style=\"text-align: center;\"><a  class=\"SC-button btn btn-primary\" href=\"https:\/\/shop.obviouscycles.com\/parts\/4-kit-cadre-29-hardcore-trail.html\">Order your frame kit<\/a>\n<p><!--more--><\/p>","protected":false},"excerpt":{"rendered":"<p>Vous aimez rouler sur des singletracks, emprunter des chemins engag\u00e9s et affronter des descentes rapides. Vous voulez \u00e9galement monter vous-m\u00eame les composants que vous avez choisis avec soin. Le kit cadre VTT titane \/OFF est fait pour vous. Ce cadre enduro rigide est le compagnon parfait des riders qui veulent pousser toujours plus loin les [&hellip;]<\/p>\n","protected":false},"author":3,"featured_media":1877,"parent":164,"menu_order":0,"comment_status":"closed","ping_status":"closed","template":"","meta":{"_acf_changed":false,"inline_featured_image":false,"footnotes":""},"class_list":["post-1369","page","type-page","status-publish","has-post-thumbnail","hentry"],"acf":[],"_links":{"self":[{"href":"https:\/\/www.obviouscycles.com\/en\/wp-json\/wp\/v2\/pages\/1369","targetHints":{"allow":["GET"]}}],"collection":[{"href":"https:\/\/www.obviouscycles.com\/en\/wp-json\/wp\/v2\/pages"}],"about":[{"href":"https:\/\/www.obviouscycles.com\/en\/wp-json\/wp\/v2\/types\/page"}],"author":[{"embeddable":true,"href":"https:\/\/www.obviouscycles.com\/en\/wp-json\/wp\/v2\/users\/3"}],"replies":[{"embeddable":true,"href":"https:\/\/www.obviouscycles.com\/en\/wp-json\/wp\/v2\/comments?post=1369"}],"version-history":[{"count":0,"href":"https:\/\/www.obviouscycles.com\/en\/wp-json\/wp\/v2\/pages\/1369\/revisions"}],"up":[{"embeddable":true,"href":"https:\/\/www.obviouscycles.com\/en\/wp-json\/wp\/v2\/pages\/164"}],"wp:featuredmedia":[{"embeddable":true,"href":"https:\/\/www.obviouscycles.com\/en\/wp-json\/wp\/v2\/media\/1877"}],"wp:attachment":[{"href":"https:\/\/www.obviouscycles.com\/en\/wp-json\/wp\/v2\/media?parent=1369"}],"curies":[{"name":"wp","href":"https:\/\/api.w.org\/{rel}","templated":true}]}}