{"id":159,"date":"2023-04-19T14:21:09","date_gmt":"2023-04-19T12:21:09","guid":{"rendered":"https:\/\/www.obviouscycles.com\/a-propos\/notre-histoire\/"},"modified":"2025-11-21T17:50:32","modified_gmt":"2025-11-21T16:50:32","slug":"notre-histoire","status":"publish","type":"page","link":"https:\/\/www.obviouscycles.com\/en\/a-propos\/notre-histoire\/","title":{"rendered":"Our history as bike designers"},"content":{"rendered":"<img loading=\"lazy\" decoding=\"async\" class=\"aligncenter wp-image-884\" src=\"https:\/\/www.obviouscycles.com\/wp-content\/uploads\/2023\/05\/label-ood-3.svg\" alt=\"\" width=\"102\" height=\"117\" title=\"\">\n<p>&nbsp;<\/p>\n<p>OBVIOUS is an independent French brand that designs and assembles titanium bicycles. Thanks to its international framing partners and local know-how, OBVIOUS creates\u00a0<strong><strong>titanium MTBs<\/strong>, <strong>road bikes<\/strong>\u00a0and\u00a0<strong>gravel bikes<\/strong><\/strong> made in France. Designed for adventure and wide open spaces, our titanium bikes are an invitation to escape.<\/p>\n<p><!--more--><\/p>","protected":false},"excerpt":{"rendered":"<p>&nbsp; Marque fran\u00e7aise ind\u00e9pendante, OBVIOUS con\u00e7oit et assemble des v\u00e9los en titane. Grace \u00e0 ses partenaires cadreurs internationaux et son savoir-faire local, OBVIOUS cr\u00e9e des\u00a0VTT, v\u00e9los de route\u00a0et\u00a0gravel bikes d'exception mont\u00e9s en France. Taill\u00e9s pour l'aventure et les grands espaces, nos v\u00e9los titane sont une invitation \u00e0 l'\u00e9vasion.<\/p>","protected":false},"author":1,"featured_media":1392,"parent":9,"menu_order":2,"comment_status":"closed","ping_status":"closed","template":"","meta":{"_acf_changed":false,"inline_featured_image":false,"footnotes":""},"class_list":["post-159","page","type-page","status-publish","has-post-thumbnail","hentry"],"acf":[],"_links":{"self":[{"href":"https:\/\/www.obviouscycles.com\/en\/wp-json\/wp\/v2\/pages\/159","targetHints":{"allow":["GET"]}}],"collection":[{"href":"https:\/\/www.obviouscycles.com\/en\/wp-json\/wp\/v2\/pages"}],"about":[{"href":"https:\/\/www.obviouscycles.com\/en\/wp-json\/wp\/v2\/types\/page"}],"author":[{"embeddable":true,"href":"https:\/\/www.obviouscycles.com\/en\/wp-json\/wp\/v2\/users\/1"}],"replies":[{"embeddable":true,"href":"https:\/\/www.obviouscycles.com\/en\/wp-json\/wp\/v2\/comments?post=159"}],"version-history":[{"count":0,"href":"https:\/\/www.obviouscycles.com\/en\/wp-json\/wp\/v2\/pages\/159\/revisions"}],"up":[{"embeddable":true,"href":"https:\/\/www.obviouscycles.com\/en\/wp-json\/wp\/v2\/pages\/9"}],"wp:featuredmedia":[{"embeddable":true,"href":"https:\/\/www.obviouscycles.com\/en\/wp-json\/wp\/v2\/media\/1392"}],"wp:attachment":[{"href":"https:\/\/www.obviouscycles.com\/en\/wp-json\/wp\/v2\/media?parent=159"}],"curies":[{"name":"wp","href":"https:\/\/api.w.org\/{rel}","templated":true}]}}