{"id":164,"date":"2023-04-19T14:23:34","date_gmt":"2023-04-19T12:23:34","guid":{"rendered":"https:\/\/www.obviouscycles.com\/composants\/kit-cadre-titane\/"},"modified":"2025-10-20T15:56:34","modified_gmt":"2025-10-20T13:56:34","slug":"kit-cadre-titane","status":"publish","type":"page","link":"https:\/\/www.obviouscycles.com\/en\/equipement\/kit-cadre-titane\/","title":{"rendered":"Titanium frame kit - performance for pleasure"},"content":{"rendered":"<p>To build the <strong>bike<\/strong> of your dreams, you can order a <strong>titanium frame kit<\/strong> from OBVIOUS. Thanks to its extraordinary aesthetics, <strong>titanium<\/strong> allows to create a <strong>unique, high-performance bike using your own components<\/strong>. With the OBVIOUS frame kit, you'll be riding an exclusive bike and having maximum fun.<!--more--><\/p>","protected":false},"excerpt":{"rendered":"<p>Pour monter le v\u00e9lo de vos r\u00eaves, vous pouvez commander un kit cadre titane OBVIOUS. Gr\u00e2ce \u00e0 son esth\u00e9tique hors normes, le titane vous permet de cr\u00e9er un v\u00e9lo unique et performant avec vos propres composants. Avec le kit cadre v\u00e9lo OBVIOUS, vous allez rider avec un v\u00e9lo exclusif et prendre un maximum de plaisir.<\/p>","protected":false},"author":1,"featured_media":1872,"parent":2722,"menu_order":0,"comment_status":"closed","ping_status":"closed","template":"","meta":{"_acf_changed":false,"inline_featured_image":false,"footnotes":""},"class_list":["post-164","page","type-page","status-publish","has-post-thumbnail","hentry"],"acf":[],"_links":{"self":[{"href":"https:\/\/www.obviouscycles.com\/en\/wp-json\/wp\/v2\/pages\/164","targetHints":{"allow":["GET"]}}],"collection":[{"href":"https:\/\/www.obviouscycles.com\/en\/wp-json\/wp\/v2\/pages"}],"about":[{"href":"https:\/\/www.obviouscycles.com\/en\/wp-json\/wp\/v2\/types\/page"}],"author":[{"embeddable":true,"href":"https:\/\/www.obviouscycles.com\/en\/wp-json\/wp\/v2\/users\/1"}],"replies":[{"embeddable":true,"href":"https:\/\/www.obviouscycles.com\/en\/wp-json\/wp\/v2\/comments?post=164"}],"version-history":[{"count":0,"href":"https:\/\/www.obviouscycles.com\/en\/wp-json\/wp\/v2\/pages\/164\/revisions"}],"up":[{"embeddable":true,"href":"https:\/\/www.obviouscycles.com\/en\/wp-json\/wp\/v2\/pages\/2722"}],"wp:featuredmedia":[{"embeddable":true,"href":"https:\/\/www.obviouscycles.com\/en\/wp-json\/wp\/v2\/media\/1872"}],"wp:attachment":[{"href":"https:\/\/www.obviouscycles.com\/en\/wp-json\/wp\/v2\/media?parent=164"}],"curies":[{"name":"wp","href":"https:\/\/api.w.org\/{rel}","templated":true}]}}