{"id":19,"date":"2023-04-17T13:58:45","date_gmt":"2023-04-17T13:58:45","guid":{"rendered":"https:\/\/www.obviouscycles.com\/?page_id=19"},"modified":"2026-01-29T00:14:34","modified_gmt":"2026-01-28T23:14:34","slug":"contact","status":"publish","type":"page","link":"https:\/\/www.obviouscycles.com\/en\/contact\/","title":{"rendered":"Contact"},"content":{"rendered":"<div id=\"ancragetop\"><\/div>\n<p>Vous avez<strong> une question<\/strong> sur nos v\u00e9los, <strong>un projet<\/strong> de cadre sur mesure, de v\u00e9lo \u00e0 la carte ? Nous sommes l\u00e0 pour vous r\u00e9pondre.<br \/>\n&nbsp;<br \/>\nPour un \u00e9change rapide, <strong>appelez-nous<\/strong> ou <strong>\u00e9crivez-nous<\/strong> : nous vous r\u00e9pondrons dans les 48 heures.<br \/>\n&nbsp;<br \/>\nVous pouvez aussi prendre <strong>un rendez-vous<\/strong> si vous souhaitez que nous travaillions ensemble de mani\u00e8re plus approfondie sur votre projet.. En visioconf\u00e9rence, par t\u00e9l\u00e9phone ou \u00e0 l'atelier nous pourrons alors vous consacrer tout le temps n\u00e9cessaire pour <strong>avancer concr\u00e8tement<\/strong>.<\/p>\n<nav style=\"text-align: center; margin: 20px 0; background-color: #000; padding: 20px 0;\">\n<div style=\"display: inline-flex; gap: 60px; flex-wrap: wrap; justify-content: center;\">\n<h3 style=\"margin: 0;\">\n      <a href=\"#ancragemail\" style=\"text-decoration: none; color: #fff; font-weight: bold;\" title=\"Aller \u00e0 Nous \u00e9crire\">NOUS ECRIRE<\/a><br \/>\n    <\/h3>\n<h3 style=\"margin: 0;\">\n      <a href=\"#ancragerdv\" style=\"text-decoration: none; color: #fff; font-weight: bold;\" title=\"Aller \u00e0 Prendre rendez-vous\">PRENDRE RENDEZ-VOUS<\/a><br \/>\n    <\/h3>\n<\/p><\/div>\n<\/nav>\n<hr size=\"2\" \/>\n<p>&nbsp;<\/p>\n<div id=\"ancragemail\">\n<h2>NOUS ECRIRE<\/h2><br \/>\n\n<div class=\"wpcf7 no-js\" id=\"wpcf7-f7-o1\" lang=\"fr-FR\" dir=\"ltr\" data-wpcf7-id=\"7\">\n<div class=\"screen-reader-response\"><p role=\"status\" aria-live=\"polite\" aria-atomic=\"true\"><\/p> <ul><\/ul><\/div>\n<form action=\"\/en\/wp-json\/wp\/v2\/pages\/19#wpcf7-f7-o1\" method=\"post\" class=\"wpcf7-form init\" aria-label=\"Contact form\" novalidate=\"novalidate\" data-status=\"init\" data-trp-original-action=\"\/en\/wp-json\/wp\/v2\/pages\/19#wpcf7-f7-o1\">\n<fieldset class=\"hidden-fields-container\"><input type=\"hidden\" name=\"_wpcf7\" value=\"7\" \/><input type=\"hidden\" name=\"_wpcf7_version\" value=\"6.1.5\" \/><input type=\"hidden\" name=\"_wpcf7_locale\" value=\"fr_FR\" \/><input type=\"hidden\" name=\"_wpcf7_unit_tag\" value=\"wpcf7-f7-o1\" \/><input type=\"hidden\" name=\"_wpcf7_container_post\" value=\"0\" \/><input type=\"hidden\" name=\"_wpcf7_posted_data_hash\" value=\"\" \/>\n<\/fieldset>\n<div class=\"form-row\">\n      <div class=\"form-cell\"><label for=\"your-name\">Name*<\/label><span class=\"wpcf7-form-control-wrap\" data-name=\"your-name\"><input size=\"40\" maxlength=\"400\" class=\"wpcf7-form-control wpcf7-text wpcf7-validates-as-required form-control\" id=\"your-name\" aria-required=\"true\" aria-invalid=\"false\" value=\"\" type=\"text\" name=\"your-name\" \/><\/span><\/div>\n      <div class=\"form-cell\"><label for=\"your-firstname\">First name *<\/label><span class=\"wpcf7-form-control-wrap\" data-name=\"your-firstname\"><input size=\"40\" maxlength=\"400\" class=\"wpcf7-form-control wpcf7-text wpcf7-validates-as-required form-control\" id=\"your-firstname\" aria-required=\"true\" aria-invalid=\"false\" value=\"\" type=\"text\" name=\"your-firstname\" \/><\/span><\/div>\n<\/div>\n<div class=\"form-row\">\n      <div class=\"form-cell\"><label for=\"your-email\">Email*<\/label><span class=\"wpcf7-form-control-wrap\" data-name=\"your-email\"><input size=\"40\" maxlength=\"400\" class=\"wpcf7-form-control wpcf7-email wpcf7-validates-as-required wpcf7-text wpcf7-validates-as-email form-control\" id=\"your-email\" aria-required=\"true\" aria-invalid=\"false\" value=\"\" type=\"email\" name=\"your-email\" \/><\/span><\/div>\n      <div class=\"form-cell\"><label for=\"your-org\">Company<\/label><span class=\"wpcf7-form-control-wrap\" data-name=\"your-org\"><input size=\"40\" maxlength=\"400\" class=\"wpcf7-form-control wpcf7-text form-control\" id=\"your-org\" aria-invalid=\"false\" value=\"\" type=\"text\" name=\"your-org\" \/><\/span><\/div>\n<\/div>\n\n<div >\n<label for=\"your-message\">Message*<\/label><span class=\"wpcf7-form-control-wrap\" data-name=\"your-message\"><textarea cols=\"40\" rows=\"6\" maxlength=\"2000\" class=\"wpcf7-form-control wpcf7-textarea wpcf7-validates-as-required form-control\" id=\"your-message\" aria-required=\"true\" aria-invalid=\"false\" name=\"your-message\"><\/textarea><\/span> \n<\/div>\n\n<div >\n<span class=\"wpcf7-form-control-wrap\" data-name=\"your-consent\"><span class=\"wpcf7-form-control wpcf7-acceptance\"><span class=\"wpcf7-list-item\"><label><input type=\"checkbox\" name=\"your-consent\" value=\"1\" aria-invalid=\"false\" \/><span class=\"wpcf7-list-item-label\">* By submitting this form, I agree that the information entered may be used by OBVIOUS to contact me.<\/span><\/label><\/span><\/span><\/span>\n<p class=\"contact-privacy-policy\">We undertake not to pass on your details to third parties. <a href=\"\/en\/mentions-legales\/#politique-de-confidentialite\" target=\"_blank\" rel=\"noopener\" >Consult our privacy policy<\/a>.<\/p>\n<\/div>\n\n<p class=\"form-submit\"><input class=\"wpcf7-form-control wpcf7-submit has-spinner btn btn-primary\" type=\"submit\" value=\"Send\" \/><\/p><input type='hidden' class='wpcf7-pum' value='{\"closepopup\":false,\"closedelay\":0,\"openpopup\":false,\"openpopup_id\":0}' \/><div class=\"wpcf7-response-output\" aria-hidden=\"true\"><\/div>\n<input type=\"hidden\" name=\"trp-form-language\" value=\"en\"\/><\/form>\n<\/div>\n\n<\/div>\n<p>&nbsp;<\/p>\n<hr size=\"2\" \/>\n<p>&nbsp;<\/p>\n<div id=\"ancragerdv\">\n<h2>PRENDRE RENDEZ-VOUS<\/h2><\/p>\n<p>Obvious vous propose des rendez-vous pour\u00a0\u00e9changer sur <strong>votre projet de v\u00e9lo<\/strong>, votre pratique ou vos besoins sp\u00e9cifiques.<\/p>\n<p>Ces \u00e9changes ont lieu au <strong>t\u00e9l\u00e9phone<\/strong>, \u00e0 <strong>l'atelier<\/strong>, ou en <strong>visioconf\u00e9rence<\/strong>, selon ce qui vous convient le mieux.<\/p>\n<p>Pour une question simple, pratique ou imm\u00e9diate, n'h\u00e9sitez pas \u00e0 nous contacter directement\u00a0par t\u00e9l\u00e9phone ou par mail\u00a0: ce sera plus rapide et tout aussi efficace.<\/p>\n<div style=\"background:#000; padding:32px; border-radius:16px; text-align:center;\">\n<div style=\"display:inline-block; width:100%; max-width:100%;\">\n<div\n      class=\"calendly-inline-widget\"\n      data-url=\"https:\/\/calendly.com\/obviouscycles-info\/30min?hide_event_type_details=1&hide_gdpr_banner=1\"\n      style=\"min-width:320px; height:800px; margin:0 auto;\">\n    <\/div>\n<\/p><\/div>\n<\/div>\n<p><script\n  type=\"text\/javascript\"\n  src=\"https:\/\/assets.calendly.com\/assets\/external\/widget.js\"\n  async>\n<\/script><\/p>\n<\/div>\n<p>&nbsp;<\/p>","protected":false},"excerpt":{"rendered":"<p>Vous avez une question sur nos v\u00e9los, un projet de cadre sur mesure, de v\u00e9lo \u00e0 la carte ? Nous sommes l\u00e0 pour vous r\u00e9pondre. &nbsp; Pour un \u00e9change rapide, appelez-nous ou \u00e9crivez-nous : nous vous r\u00e9pondrons dans les 48 heures. &nbsp; Vous pouvez aussi prendre un rendez-vous si vous souhaitez que nous travaillions ensemble [&hellip;]<\/p>\n","protected":false},"author":1,"featured_media":0,"parent":0,"menu_order":38,"comment_status":"closed","ping_status":"closed","template":"template-contact.php","meta":{"_acf_changed":false,"inline_featured_image":false,"footnotes":""},"class_list":["post-19","page","type-page","status-publish","hentry"],"acf":[],"_links":{"self":[{"href":"https:\/\/www.obviouscycles.com\/en\/wp-json\/wp\/v2\/pages\/19","targetHints":{"allow":["GET"]}}],"collection":[{"href":"https:\/\/www.obviouscycles.com\/en\/wp-json\/wp\/v2\/pages"}],"about":[{"href":"https:\/\/www.obviouscycles.com\/en\/wp-json\/wp\/v2\/types\/page"}],"author":[{"embeddable":true,"href":"https:\/\/www.obviouscycles.com\/en\/wp-json\/wp\/v2\/users\/1"}],"replies":[{"embeddable":true,"href":"https:\/\/www.obviouscycles.com\/en\/wp-json\/wp\/v2\/comments?post=19"}],"version-history":[{"count":0,"href":"https:\/\/www.obviouscycles.com\/en\/wp-json\/wp\/v2\/pages\/19\/revisions"}],"wp:attachment":[{"href":"https:\/\/www.obviouscycles.com\/en\/wp-json\/wp\/v2\/media?parent=19"}],"curies":[{"name":"wp","href":"https:\/\/api.w.org\/{rel}","templated":true}]}}