{"id":2,"date":"2023-02-27T11:07:12","date_gmt":"2023-02-27T11:07:12","guid":{"rendered":"https:\/\/www.obviouscycles.com\/?page_id=2"},"modified":"2026-03-12T19:10:32","modified_gmt":"2026-03-12T18:10:32","slug":"sample-page","status":"publish","type":"page","link":"https:\/\/www.obviouscycles.com\/en\/","title":{"rendered":"Accueil - V\u00e9los titane sur mesure \u2013 Route, Gravel et VTT Obvious Cycles"},"content":{"rendered":"<h1>Titanium bikes. Road, MTB and gravel bikes custom designed and assembled in France<\/h1>\n<div style=\"margin-bottom: 2rem;\">An independent French brand that combines local expertise with international partners to create exceptional titanium bikes.<\/div>\n<a  class=\"SC-button btn btn-primary\" href=\"\/en\/velos-titane\/\">OUR BIKES<\/a>\n<!--more--><\/p>","protected":false},"excerpt":{"rendered":"<p>V\u00e9los titane Route, VTT et Gravel con\u00e7us et assembl\u00e9s sur-mesure en France Une marque fran\u00e7aise ind\u00e9pendante, qui allie savoir-faire local et partenaires internationaux pour des v\u00e9los titane d'exception.<\/p>","protected":false},"author":1,"featured_media":3186,"parent":0,"menu_order":6,"comment_status":"closed","ping_status":"closed","template":"","meta":{"_acf_changed":false,"inline_featured_image":false,"footnotes":""},"class_list":["post-2","page","type-page","status-publish","has-post-thumbnail","hentry"],"acf":[],"_links":{"self":[{"href":"https:\/\/www.obviouscycles.com\/en\/wp-json\/wp\/v2\/pages\/2","targetHints":{"allow":["GET"]}}],"collection":[{"href":"https:\/\/www.obviouscycles.com\/en\/wp-json\/wp\/v2\/pages"}],"about":[{"href":"https:\/\/www.obviouscycles.com\/en\/wp-json\/wp\/v2\/types\/page"}],"author":[{"embeddable":true,"href":"https:\/\/www.obviouscycles.com\/en\/wp-json\/wp\/v2\/users\/1"}],"replies":[{"embeddable":true,"href":"https:\/\/www.obviouscycles.com\/en\/wp-json\/wp\/v2\/comments?post=2"}],"version-history":[{"count":0,"href":"https:\/\/www.obviouscycles.com\/en\/wp-json\/wp\/v2\/pages\/2\/revisions"}],"wp:featuredmedia":[{"embeddable":true,"href":"https:\/\/www.obviouscycles.com\/en\/wp-json\/wp\/v2\/media\/3186"}],"wp:attachment":[{"href":"https:\/\/www.obviouscycles.com\/en\/wp-json\/wp\/v2\/media?parent=2"}],"curies":[{"name":"wp","href":"https:\/\/api.w.org\/{rel}","templated":true}]}}