{"id":2137,"date":"2024-05-06T12:49:09","date_gmt":"2024-05-06T10:49:09","guid":{"rendered":"https:\/\/www.obviouscycles.com\/?page_id=2137"},"modified":"2025-05-28T12:22:25","modified_gmt":"2025-05-28T10:22:25","slug":"le-velo-de-didier","status":"publish","type":"page","link":"https:\/\/www.obviouscycles.com\/en\/rencontrez-nos-ambassadeurs\/le-velo-de-didier\/","title":{"rendered":"Le v\u00e9lo de Didier - Tout pour le bikepacking"},"content":{"rendered":"<p>&nbsp;<\/p>\n<p>&nbsp;<\/p>\n<p style=\"text-align: left;\">C'est un Gravel titane ON\/OFF sur mesure, ax\u00e9 vers le bikepacking cr\u00e9\u00e9 gr\u00e2ce \u00e0 notre programme <a href=\"https:\/\/www.obviouscycles.com\/en\/velos-titane\/velo-titane-sur-mesure\/\">OBVIOUS-ON-DEMAND<\/a>.<\/p>\n<p>&nbsp;<\/p>\n<p><!--more--><\/p>","protected":false},"excerpt":{"rendered":"<p>&nbsp; &nbsp; C'est un Gravel titane ON\/OFF sur mesure, ax\u00e9 vers le bikepacking cr\u00e9\u00e9 gr\u00e2ce \u00e0 notre programme OBVIOUS-ON-DEMAND. &nbsp;<\/p>","protected":false},"author":3,"featured_media":2426,"parent":2074,"menu_order":0,"comment_status":"closed","ping_status":"closed","template":"","meta":{"_acf_changed":false,"inline_featured_image":false,"footnotes":""},"class_list":["post-2137","page","type-page","status-publish","has-post-thumbnail","hentry"],"acf":[],"_links":{"self":[{"href":"https:\/\/www.obviouscycles.com\/en\/wp-json\/wp\/v2\/pages\/2137","targetHints":{"allow":["GET"]}}],"collection":[{"href":"https:\/\/www.obviouscycles.com\/en\/wp-json\/wp\/v2\/pages"}],"about":[{"href":"https:\/\/www.obviouscycles.com\/en\/wp-json\/wp\/v2\/types\/page"}],"author":[{"embeddable":true,"href":"https:\/\/www.obviouscycles.com\/en\/wp-json\/wp\/v2\/users\/3"}],"replies":[{"embeddable":true,"href":"https:\/\/www.obviouscycles.com\/en\/wp-json\/wp\/v2\/comments?post=2137"}],"version-history":[{"count":0,"href":"https:\/\/www.obviouscycles.com\/en\/wp-json\/wp\/v2\/pages\/2137\/revisions"}],"up":[{"embeddable":true,"href":"https:\/\/www.obviouscycles.com\/en\/wp-json\/wp\/v2\/pages\/2074"}],"wp:featuredmedia":[{"embeddable":true,"href":"https:\/\/www.obviouscycles.com\/en\/wp-json\/wp\/v2\/media\/2426"}],"wp:attachment":[{"href":"https:\/\/www.obviouscycles.com\/en\/wp-json\/wp\/v2\/media?parent=2137"}],"curies":[{"name":"wp","href":"https:\/\/api.w.org\/{rel}","templated":true}]}}