{"id":2236,"date":"2024-07-03T12:01:59","date_gmt":"2024-07-03T10:01:59","guid":{"rendered":"https:\/\/www.obviouscycles.com\/?page_id=2236"},"modified":"2026-02-23T18:53:27","modified_gmt":"2026-02-23T17:53:27","slug":"le-velo-de-bleau-up","status":"publish","type":"page","link":"https:\/\/www.obviouscycles.com\/en\/rencontrez-nos-ambassadeurs\/le-velo-de-bleau-up\/","title":{"rendered":"Fred's bike - Bleau Up hardtail dream bike"},"content":{"rendered":"<p style=\"text-align: left;\">Le hardtail titane \/OFF de Fred - dit Bleau Up - est un taille M standard auquel nous avons ajout\u00e9 une interface ISCG05 de montage de prot\u00e8ge plateau (bash guard).<\/p>\n<p>&nbsp;<\/p>\n<p style=\"text-align: left;\">With a little bit of customisation by adding the logo of Bleau Up, his <a href=\"https:\/\/www.youtube.com\/@bleauup\" target=\"_blank\" rel=\"noopener\">Youtube channel<\/a> !<\/p>\n<p><!--more--><\/p>","protected":false},"excerpt":{"rendered":"<p>Le hardtail titane \/OFF de Fred - dit Bleau Up - est un taille M standard auquel nous avons ajout\u00e9 une interface ISCG05 de montage de prot\u00e8ge plateau (bash guard). &nbsp; Petite personnalisation avec le logo Bleau Up de sa cha\u00eene Youtube !<\/p>","protected":false},"author":3,"featured_media":2545,"parent":2074,"menu_order":0,"comment_status":"closed","ping_status":"closed","template":"","meta":{"_acf_changed":false,"inline_featured_image":false,"footnotes":""},"class_list":["post-2236","page","type-page","status-publish","has-post-thumbnail","hentry"],"acf":[],"_links":{"self":[{"href":"https:\/\/www.obviouscycles.com\/en\/wp-json\/wp\/v2\/pages\/2236","targetHints":{"allow":["GET"]}}],"collection":[{"href":"https:\/\/www.obviouscycles.com\/en\/wp-json\/wp\/v2\/pages"}],"about":[{"href":"https:\/\/www.obviouscycles.com\/en\/wp-json\/wp\/v2\/types\/page"}],"author":[{"embeddable":true,"href":"https:\/\/www.obviouscycles.com\/en\/wp-json\/wp\/v2\/users\/3"}],"replies":[{"embeddable":true,"href":"https:\/\/www.obviouscycles.com\/en\/wp-json\/wp\/v2\/comments?post=2236"}],"version-history":[{"count":0,"href":"https:\/\/www.obviouscycles.com\/en\/wp-json\/wp\/v2\/pages\/2236\/revisions"}],"up":[{"embeddable":true,"href":"https:\/\/www.obviouscycles.com\/en\/wp-json\/wp\/v2\/pages\/2074"}],"wp:featuredmedia":[{"embeddable":true,"href":"https:\/\/www.obviouscycles.com\/en\/wp-json\/wp\/v2\/media\/2545"}],"wp:attachment":[{"href":"https:\/\/www.obviouscycles.com\/en\/wp-json\/wp\/v2\/media?parent=2236"}],"curies":[{"name":"wp","href":"https:\/\/api.w.org\/{rel}","templated":true}]}}