{"id":2247,"date":"2024-04-18T20:33:22","date_gmt":"2024-04-18T18:33:22","guid":{"rendered":"https:\/\/www.obviouscycles.com\/?page_id=2247"},"modified":"2024-08-29T12:58:36","modified_gmt":"2024-08-29T10:58:36","slug":"vtt-titane-off","status":"publish","type":"page","link":"https:\/\/www.obviouscycles.com\/en\/velos-titane\/vtt-titane-off\/","title":{"rendered":"\/OFF titanium mountain bike - the perfect combination of performance and pleasure"},"content":{"rendered":"<p>You love riding on singletracks or challenging trails and tackling fast descents. Then, the <strong>VTT hardtail titane \/OFF<\/strong> is for you.<\/p>\n<p>&nbsp;<\/p>\n<p><strong>Nous l'avons fait \u00e9voluer avec une fourche avec un d\u00e9battement de 150 mm et en l'\u00e9quipant d'une transmission \u00e9lectronique sans fil.<\/strong><\/p>\n<p>&nbsp;<\/p>\n<p>This<strong> Enduro hardtail<\/strong>\u00a0frame is the perfect companion for riders who want to push the thrills and fun of <strong>titanium MTBs<\/strong>.<\/p>\n<p style=\"text-align: center;\"><a  class=\"SC-button btn btn-primary\" href=\"https:\/\/shop.obviouscycles.com\/hard\/13-29-hardcore-trail.html\">Order your own bike<\/a>\n<p><!--more--><\/p>","protected":false},"excerpt":{"rendered":"<p>Vous aimez rouler sur des singletracks, emprunter des chemins engag\u00e9s et affronter des descentes rapides. Le VTT hardtail titane \/OFF est fait pour vous. &nbsp; Nous l'avons fait \u00e9voluer avec une fourche avec un d\u00e9battement de 150 mm et en l'\u00e9quipant d'une transmission \u00e9lectronique sans fil. &nbsp; Cet endurigide\u00a0est le compagnon parfait des riders qui [&hellip;]<\/p>\n","protected":false},"author":3,"featured_media":2248,"parent":12,"menu_order":5,"comment_status":"closed","ping_status":"closed","template":"","meta":{"_acf_changed":false,"inline_featured_image":false,"footnotes":""},"class_list":["post-2247","page","type-page","status-publish","has-post-thumbnail","hentry"],"acf":[],"_links":{"self":[{"href":"https:\/\/www.obviouscycles.com\/en\/wp-json\/wp\/v2\/pages\/2247","targetHints":{"allow":["GET"]}}],"collection":[{"href":"https:\/\/www.obviouscycles.com\/en\/wp-json\/wp\/v2\/pages"}],"about":[{"href":"https:\/\/www.obviouscycles.com\/en\/wp-json\/wp\/v2\/types\/page"}],"author":[{"embeddable":true,"href":"https:\/\/www.obviouscycles.com\/en\/wp-json\/wp\/v2\/users\/3"}],"replies":[{"embeddable":true,"href":"https:\/\/www.obviouscycles.com\/en\/wp-json\/wp\/v2\/comments?post=2247"}],"version-history":[{"count":0,"href":"https:\/\/www.obviouscycles.com\/en\/wp-json\/wp\/v2\/pages\/2247\/revisions"}],"up":[{"embeddable":true,"href":"https:\/\/www.obviouscycles.com\/en\/wp-json\/wp\/v2\/pages\/12"}],"wp:featuredmedia":[{"embeddable":true,"href":"https:\/\/www.obviouscycles.com\/en\/wp-json\/wp\/v2\/media\/2248"}],"wp:attachment":[{"href":"https:\/\/www.obviouscycles.com\/en\/wp-json\/wp\/v2\/media?parent=2247"}],"curies":[{"name":"wp","href":"https:\/\/api.w.org\/{rel}","templated":true}]}}