{"id":2449,"date":"2025-01-19T09:43:01","date_gmt":"2025-01-19T08:43:01","guid":{"rendered":"https:\/\/www.obviouscycles.com\/?page_id=2449"},"modified":"2026-03-09T13:21:37","modified_gmt":"2026-03-09T12:21:37","slug":"gravel-titane-out-quest","status":"publish","type":"page","link":"https:\/\/www.obviouscycles.com\/en\/velos-titane\/gravel-titane-out-quest\/","title":{"rendered":"V\u00e9lo gravel titane Aventure OUT\/QUEST - partez pour la grande aventure !"},"content":{"rendered":"<p style=\"text-align: left;\">Embark on an unforgettable bikepacking experience with OUT\/QUEST, our <strong>titanium gravel bike<\/strong> made for adventure! Its lightness and comfort promise you an endless trail.<\/p>\n<p>&nbsp;<\/p>\n<p style=\"text-align: left;\"><b>Titanium frame, endurance position, luggage and water bottle attachments, multi-position handlebars. Everything you need for adventure !<\/b><\/p>\n<p>&nbsp;<\/p>\n<p style=\"text-align: left;\">Every path becomes an exploration, every night under the stars a new story. Adventure awaits you with OBVIOUS !<\/p>\n<p><!--more--><\/p>","protected":false},"excerpt":{"rendered":"<p>Embarquez pour un bikepacking inoubliable avec OUT\/QUEST, notre gravel titane fait pour l'aventure ! Sa l\u00e9g\u00e8ret\u00e9 et son confort vous promettent une trace sans fin. &nbsp; Cadre en titane, position endurance, fixations bagages et bidons, cintre multi-positions. Tout est pr\u00e9vu pour l'aventure ! &nbsp; Chaque chemin devient une exploration, chaque nuit sous les \u00e9toiles une [&hellip;]<\/p>\n","protected":false},"author":3,"featured_media":2747,"parent":12,"menu_order":16,"comment_status":"closed","ping_status":"closed","template":"","meta":{"_acf_changed":false,"inline_featured_image":false,"footnotes":""},"class_list":["post-2449","page","type-page","status-publish","has-post-thumbnail","hentry"],"acf":[],"_links":{"self":[{"href":"https:\/\/www.obviouscycles.com\/en\/wp-json\/wp\/v2\/pages\/2449","targetHints":{"allow":["GET"]}}],"collection":[{"href":"https:\/\/www.obviouscycles.com\/en\/wp-json\/wp\/v2\/pages"}],"about":[{"href":"https:\/\/www.obviouscycles.com\/en\/wp-json\/wp\/v2\/types\/page"}],"author":[{"embeddable":true,"href":"https:\/\/www.obviouscycles.com\/en\/wp-json\/wp\/v2\/users\/3"}],"replies":[{"embeddable":true,"href":"https:\/\/www.obviouscycles.com\/en\/wp-json\/wp\/v2\/comments?post=2449"}],"version-history":[{"count":0,"href":"https:\/\/www.obviouscycles.com\/en\/wp-json\/wp\/v2\/pages\/2449\/revisions"}],"up":[{"embeddable":true,"href":"https:\/\/www.obviouscycles.com\/en\/wp-json\/wp\/v2\/pages\/12"}],"wp:featuredmedia":[{"embeddable":true,"href":"https:\/\/www.obviouscycles.com\/en\/wp-json\/wp\/v2\/media\/2747"}],"wp:attachment":[{"href":"https:\/\/www.obviouscycles.com\/en\/wp-json\/wp\/v2\/media?parent=2449"}],"curies":[{"name":"wp","href":"https:\/\/api.w.org\/{rel}","templated":true}]}}