{"id":2482,"date":"2024-06-19T15:09:10","date_gmt":"2024-06-19T13:09:10","guid":{"rendered":"https:\/\/www.obviouscycles.com\/?page_id=2482"},"modified":"2025-07-10T18:31:51","modified_gmt":"2025-07-10T16:31:51","slug":"gravel-titane-on-off-2023-l-outlet","status":"publish","type":"page","link":"https:\/\/www.obviouscycles.com\/en\/obvious-outlet-shop\/gravel-titane-on-off-2023-l-outlet\/","title":{"rendered":"Gravel titane ON\/OFF - size L - Outlet shop"},"content":{"rendered":"<p><span style=\"text-decoration: underline;\"><strong>ON\/OFF 2023 size L<\/strong><\/span><em> (1.78 m - 1.86 m)<\/em><\/p>\n<p>Shimano GRX 810 1x11 gears - Wheels ON\/OFF carbon<\/p>\n<p><strong>3799 \u20ac<\/strong> <del>5199 \u20ac<\/del> 1400 \u20ac discount<\/p>\n<p style=\"text-align: center;\"><strong><span style=\"font-size: xxx-large;\">-27%<\/span><\/strong><\/p>\n<p>Presentation model - used less than 200 km<\/p>\n<p style=\"text-align: center;\"><a  class=\"SC-button btn btn-primary\" href=\"https:\/\/www.obviouscycles.com\/en\/contact\/\">Contact us<\/a>\n<p><!--more--><\/p>","protected":false},"excerpt":{"rendered":"<p>ON\/OFF 2023 taille L (1.78 m - 1.86 m) Shimano GRX 810 1x11 vitesses - Roues ON\/OFF carbone 3799 \u20ac 5199 \u20ac \u00e9conomie de 1400 \u20ac -27% Mod\u00e8le de pr\u00e9sentation - utilis\u00e9 moins de 200 km<\/p>","protected":false},"author":3,"featured_media":3249,"parent":2469,"menu_order":0,"comment_status":"closed","ping_status":"closed","template":"","meta":{"_acf_changed":false,"inline_featured_image":false,"footnotes":""},"class_list":["post-2482","page","type-page","status-publish","has-post-thumbnail","hentry"],"acf":[],"_links":{"self":[{"href":"https:\/\/www.obviouscycles.com\/en\/wp-json\/wp\/v2\/pages\/2482","targetHints":{"allow":["GET"]}}],"collection":[{"href":"https:\/\/www.obviouscycles.com\/en\/wp-json\/wp\/v2\/pages"}],"about":[{"href":"https:\/\/www.obviouscycles.com\/en\/wp-json\/wp\/v2\/types\/page"}],"author":[{"embeddable":true,"href":"https:\/\/www.obviouscycles.com\/en\/wp-json\/wp\/v2\/users\/3"}],"replies":[{"embeddable":true,"href":"https:\/\/www.obviouscycles.com\/en\/wp-json\/wp\/v2\/comments?post=2482"}],"version-history":[{"count":0,"href":"https:\/\/www.obviouscycles.com\/en\/wp-json\/wp\/v2\/pages\/2482\/revisions"}],"up":[{"embeddable":true,"href":"https:\/\/www.obviouscycles.com\/en\/wp-json\/wp\/v2\/pages\/2469"}],"wp:featuredmedia":[{"embeddable":true,"href":"https:\/\/www.obviouscycles.com\/en\/wp-json\/wp\/v2\/media\/3249"}],"wp:attachment":[{"href":"https:\/\/www.obviouscycles.com\/en\/wp-json\/wp\/v2\/media?parent=2482"}],"curies":[{"name":"wp","href":"https:\/\/api.w.org\/{rel}","templated":true}]}}