{"id":2521,"date":"2024-07-04T15:10:16","date_gmt":"2024-07-04T13:10:16","guid":{"rendered":"https:\/\/www.obviouscycles.com\/?page_id=2521"},"modified":"2025-07-10T18:32:17","modified_gmt":"2025-07-10T16:32:17","slug":"vtt-titane-off-2023-l-outlet","status":"publish","type":"page","link":"https:\/\/www.obviouscycles.com\/en\/obvious-outlet-shop\/vtt-titane-off-2023-l-outlet\/","title":{"rendered":"VTT titane \/OFF - size L - Outlet shop"},"content":{"rendered":"<p><span style=\"text-decoration: underline;\"><strong>\/OFF 2023 size L<\/strong><\/span>\u00a0(1.76 m - 1.84 m)<\/p>\n<p>SRAM GX Eagle 12 gears \/ mechanic - Wheels \/OFF carbon - Pike Ultimate 140mm<\/p>\n<p><strong>4299 \u20ac<\/strong> <del>5799 \u20ac<\/del> 1500 \u20ac discount<\/p>\n<p style=\"text-align: center;\"><strong><span style=\"font-size: xxx-large;\">-24%<\/span><\/strong><\/p>\n<p>Presentation model - used less than 100 km<\/p>\n<p style=\"text-align: center;\"><a  class=\"SC-button btn btn-primary\" href=\"https:\/\/www.obviouscycles.com\/en\/contact\/\">Contact us<\/a>\n<p><!--more--><\/p>","protected":false},"excerpt":{"rendered":"<p>\/OFF 2023 taille L\u00a0(1.76 m - 1.84 m) SRAM GX Eagle 12 vitesses m\u00e9canique- Roues \/OFF carbone - Pike Ultimate 140mm 4299 \u20ac 5799 \u20ac \u00e9conomie de 1500 \u20ac -24% Mod\u00e8le de pr\u00e9sentation - utilis\u00e9 moins de 100 km<\/p>","protected":false},"author":3,"featured_media":3247,"parent":2469,"menu_order":0,"comment_status":"closed","ping_status":"closed","template":"","meta":{"_acf_changed":false,"inline_featured_image":false,"footnotes":""},"class_list":["post-2521","page","type-page","status-publish","has-post-thumbnail","hentry"],"acf":[],"_links":{"self":[{"href":"https:\/\/www.obviouscycles.com\/en\/wp-json\/wp\/v2\/pages\/2521","targetHints":{"allow":["GET"]}}],"collection":[{"href":"https:\/\/www.obviouscycles.com\/en\/wp-json\/wp\/v2\/pages"}],"about":[{"href":"https:\/\/www.obviouscycles.com\/en\/wp-json\/wp\/v2\/types\/page"}],"author":[{"embeddable":true,"href":"https:\/\/www.obviouscycles.com\/en\/wp-json\/wp\/v2\/users\/3"}],"replies":[{"embeddable":true,"href":"https:\/\/www.obviouscycles.com\/en\/wp-json\/wp\/v2\/comments?post=2521"}],"version-history":[{"count":0,"href":"https:\/\/www.obviouscycles.com\/en\/wp-json\/wp\/v2\/pages\/2521\/revisions"}],"up":[{"embeddable":true,"href":"https:\/\/www.obviouscycles.com\/en\/wp-json\/wp\/v2\/pages\/2469"}],"wp:featuredmedia":[{"embeddable":true,"href":"https:\/\/www.obviouscycles.com\/en\/wp-json\/wp\/v2\/media\/3247"}],"wp:attachment":[{"href":"https:\/\/www.obviouscycles.com\/en\/wp-json\/wp\/v2\/media?parent=2521"}],"curies":[{"name":"wp","href":"https:\/\/api.w.org\/{rel}","templated":true}]}}