{"id":2722,"date":"2024-09-10T16:35:49","date_gmt":"2024-09-10T14:35:49","guid":{"rendered":"https:\/\/www.obviouscycles.com\/?page_id=2722"},"modified":"2026-02-23T19:24:16","modified_gmt":"2026-02-23T18:24:16","slug":"equipement","status":"publish","type":"page","link":"https:\/\/www.obviouscycles.com\/en\/equipement\/","title":{"rendered":"EQUIPEMENT"},"content":{"rendered":"<table border=\"0\" style=\"width:100%; table-layout:fixed;\">\n<tbody>\n<tr>\n<th style=\"text-align:center; vertical-align:top; width:32%;\">\n  <a href=\"#ancrageroues\" style=\"text-decoration:none; color:inherit;\"><br \/>\n    <img loading=\"lazy\" decoding=\"async\" src=\"https:\/\/www.obviouscycles.com\/wp-content\/uploads\/2023\/04\/paire-roues-off-1jpg-150x150.webp\" width=\"150\" height=\"150\" alt=\"\" title=\"\"><br \/>\n    <span style=\"display:block;\">WHEELS<\/span><br \/>\n  <\/a>\n<\/th>\n<th style=\"text-align:center; vertical-align:top; width:32%;\">\n  <a href=\"#ancragecomposants\" style=\"text-decoration:none; color:inherit;\"><br \/>\n    <img loading=\"lazy\" decoding=\"async\" src=\"https:\/\/www.obviouscycles.com\/wp-content\/uploads\/2024\/12\/ts20-0.webp\" width=\"150\" height=\"150\" alt=\"\" title=\"\"><br \/>\n    <span style=\"display:block;\">COMPOSANTS<\/span><br \/>\n  <\/a>\n<\/th>\n<th style=\"text-align:center; vertical-align:top; width:32%;\">\n  <a href=\"#ancragekits\" style=\"text-decoration:none; color:inherit;\"><br \/>\n    <img loading=\"lazy\" decoding=\"async\" src=\"https:\/\/www.obviouscycles.com\/wp-content\/uploads\/2025\/10\/on-2025-1-square-scaled.jpg\" width=\"150\" height=\"150\" alt=\"\" title=\"\"><br \/>\n    <span style=\"display:block; line-height:1.1;\">KITS CADRES<\/span><br \/>\n  <\/a>\n<\/th>\n<th style=\"text-align:center; vertical-align:top; width:2%;\">\n<div style=\"display:none;\">\n    <a href=\"#ancragevetements\" style=\"text-decoration:none; color:inherit;\"><br \/>\n      <img loading=\"lazy\" decoding=\"async\" src=\"https:\/\/www.obviouscycles.com\/wp-content\/uploads\/2023\/07\/classic-black-150x150.webp\" width=\"150\" height=\"150\" alt=\"\" title=\"\"><br \/>\n      <span style=\"display:block; line-height:1.1;\"><br \/>\n        V\u00caTEMENTS<br \/>OFF THE BIKE<br \/>\n      <\/span><br \/>\n    <\/a>\n  <\/div>\n<\/th>\n<th style=\"text-align:center; vertical-align:top; width:2%;\">\n<div style=\"display:none;\">\n    <a href=\"#ancrageaccessoires\" style=\"text-decoration:none; color:inherit;\"><br \/>\n      <img loading=\"lazy\" decoding=\"async\" src=\"https:\/\/www.obviouscycles.com\/wp-content\/uploads\/2024\/09\/img20221229154551-150x150.webp\" width=\"150\" height=\"150\" alt=\"\" title=\"\"><br \/>\n      <span style=\"display:block; line-height:1.1;\"><br \/>\n        ACCESSOIRES<br \/>GOODIES<br \/>\n      <\/span><br \/>\n    <\/a>\n  <\/div>\n<\/th>\n<\/tr>\n<\/tbody>\n<\/table>\n<h3 style=\"text-align: center;\">OBVIOUS vous propose l'\u00e9quipement pour vous et votre v\u00e9lo.<\/h3>","protected":false},"excerpt":{"rendered":"<p>ROUES COMPOSANTS KITS CADRES V\u00caTEMENTSOFF THE BIKE ACCESSOIRESGOODIES OBVIOUS vous propose l'\u00e9quipement pour vous et votre v\u00e9lo.<\/p>","protected":false},"author":3,"featured_media":0,"parent":0,"menu_order":22,"comment_status":"closed","ping_status":"closed","template":"","meta":{"_acf_changed":false,"inline_featured_image":false,"footnotes":""},"class_list":["post-2722","page","type-page","status-publish","hentry"],"acf":[],"_links":{"self":[{"href":"https:\/\/www.obviouscycles.com\/en\/wp-json\/wp\/v2\/pages\/2722","targetHints":{"allow":["GET"]}}],"collection":[{"href":"https:\/\/www.obviouscycles.com\/en\/wp-json\/wp\/v2\/pages"}],"about":[{"href":"https:\/\/www.obviouscycles.com\/en\/wp-json\/wp\/v2\/types\/page"}],"author":[{"embeddable":true,"href":"https:\/\/www.obviouscycles.com\/en\/wp-json\/wp\/v2\/users\/3"}],"replies":[{"embeddable":true,"href":"https:\/\/www.obviouscycles.com\/en\/wp-json\/wp\/v2\/comments?post=2722"}],"version-history":[{"count":0,"href":"https:\/\/www.obviouscycles.com\/en\/wp-json\/wp\/v2\/pages\/2722\/revisions"}],"wp:attachment":[{"href":"https:\/\/www.obviouscycles.com\/en\/wp-json\/wp\/v2\/media?parent=2722"}],"curies":[{"name":"wp","href":"https:\/\/api.w.org\/{rel}","templated":true}]}}