{"id":3281,"date":"2025-07-17T15:41:24","date_gmt":"2025-07-17T13:41:24","guid":{"rendered":"https:\/\/www.obviouscycles.com\/?page_id=3281"},"modified":"2026-02-23T18:33:28","modified_gmt":"2026-02-23T17:33:28","slug":"on-off-black-edition-de-pierre","status":"publish","type":"page","link":"https:\/\/www.obviouscycles.com\/en\/nos-creations\/on-off-black-edition-de-pierre\/","title":{"rendered":"ON\/OFF Black Edition de Pierre"},"content":{"rendered":"<p>Nous avions pr\u00eat\u00e9 2 gravels titane ON\/OFF \u00e0 Pierre et ses associ\u00e9s dans le cadre de leur <a href=\"https:\/\/www.obviouscycles.com\/en\/urg-tour-2024\/\">projet <\/a>de sensibilisation des collectivit\u00e9s locales et des citoyens sur la d\u00e9sertification m\u00e9dicale.<br \/>\n&nbsp;<br \/>\nPierre se fixe au moins un challenge cycliste chaque ann\u00e9e. C'est dans le cadre de son participation \u00e0 la Race Across France que Pierre nous a fait r\u00e9aliser son ON\/OFF que nous avons baptis\u00e9 Black Edition.<\/p>\n<p><!--more--><\/p>","protected":false},"excerpt":{"rendered":"<p>Nous avions pr\u00eat\u00e9 2 gravels titane ON\/OFF \u00e0 Pierre et ses associ\u00e9s dans le cadre de leur projet de sensibilisation des collectivit\u00e9s locales et des citoyens sur la d\u00e9sertification m\u00e9dicale. &nbsp; Pierre se fixe au moins un challenge cycliste chaque ann\u00e9e. C'est dans le cadre de son participation \u00e0 la Race Across France que Pierre [&hellip;]<\/p>\n","protected":false},"author":3,"featured_media":3278,"parent":3259,"menu_order":4,"comment_status":"closed","ping_status":"closed","template":"","meta":{"_acf_changed":false,"inline_featured_image":false,"footnotes":""},"class_list":["post-3281","page","type-page","status-publish","has-post-thumbnail","hentry"],"acf":[],"_links":{"self":[{"href":"https:\/\/www.obviouscycles.com\/en\/wp-json\/wp\/v2\/pages\/3281","targetHints":{"allow":["GET"]}}],"collection":[{"href":"https:\/\/www.obviouscycles.com\/en\/wp-json\/wp\/v2\/pages"}],"about":[{"href":"https:\/\/www.obviouscycles.com\/en\/wp-json\/wp\/v2\/types\/page"}],"author":[{"embeddable":true,"href":"https:\/\/www.obviouscycles.com\/en\/wp-json\/wp\/v2\/users\/3"}],"replies":[{"embeddable":true,"href":"https:\/\/www.obviouscycles.com\/en\/wp-json\/wp\/v2\/comments?post=3281"}],"version-history":[{"count":0,"href":"https:\/\/www.obviouscycles.com\/en\/wp-json\/wp\/v2\/pages\/3281\/revisions"}],"up":[{"embeddable":true,"href":"https:\/\/www.obviouscycles.com\/en\/wp-json\/wp\/v2\/pages\/3259"}],"wp:featuredmedia":[{"embeddable":true,"href":"https:\/\/www.obviouscycles.com\/en\/wp-json\/wp\/v2\/media\/3278"}],"wp:attachment":[{"href":"https:\/\/www.obviouscycles.com\/en\/wp-json\/wp\/v2\/media?parent=3281"}],"curies":[{"name":"wp","href":"https:\/\/api.w.org\/{rel}","templated":true}]}}