{"id":3303,"date":"2025-07-21T16:18:55","date_gmt":"2025-07-21T14:18:55","guid":{"rendered":"https:\/\/www.obviouscycles.com\/?page_id=3303"},"modified":"2026-02-23T19:25:38","modified_gmt":"2026-02-23T18:25:38","slug":"on-de-cedric-velo-route-titane","status":"publish","type":"page","link":"https:\/\/www.obviouscycles.com\/en\/nos-creations\/on-de-cedric-velo-route-titane\/","title":{"rendered":"ON\/ de C\u00e9dric - v\u00e9lo route titane"},"content":{"rendered":"<p>C\u00e9dric est venu nous voir pour que nous lui r\u00e9alisions un v\u00e9lo route titane sur mesure.<\/p>\n<p>Coursier avec de bonnes qualit\u00e9s de grimpeur, C\u00e9dric est tr\u00e8s exigeant sur le poids de ses v\u00e9los. Nous lui avons bien entendu expliqu\u00e9 que son futur v\u00e9lo ne serait pas au poids de ses v\u00e9los en carbone. Il a d\u00e9cid\u00e9 de nous suivre et, depuis septembre 2024 qu'il a son v\u00e9lo Obvious, il n'a pas repris ses anciens v\u00e9los.<\/p>\n<p>Les <a href=\"https:\/\/www.obviouscycles.com\/en\/a-propos\/cadre-titane\/\">performances du titane<\/a> ont, pour lui, surpass\u00e9 le poids. Le poids est une qualit\u00e9 mesurable facilement, mais c'est loin d'\u00eatre la seule quand on roule. A pr\u00e9sent C\u00e9dric en est convaincu.<\/p>\n<p><!--more--><\/p>","protected":false},"excerpt":{"rendered":"<p>C\u00e9dric est venu nous voir pour que nous lui r\u00e9alisions un v\u00e9lo route titane sur mesure. Coursier avec de bonnes qualit\u00e9s de grimpeur, C\u00e9dric est tr\u00e8s exigeant sur le poids de ses v\u00e9los. Nous lui avons bien entendu expliqu\u00e9 que son futur v\u00e9lo ne serait pas au poids de ses v\u00e9los en carbone. Il a [&hellip;]<\/p>\n","protected":false},"author":3,"featured_media":3271,"parent":3259,"menu_order":9,"comment_status":"closed","ping_status":"closed","template":"","meta":{"_acf_changed":false,"inline_featured_image":false,"footnotes":""},"class_list":["post-3303","page","type-page","status-publish","has-post-thumbnail","hentry"],"acf":[],"_links":{"self":[{"href":"https:\/\/www.obviouscycles.com\/en\/wp-json\/wp\/v2\/pages\/3303","targetHints":{"allow":["GET"]}}],"collection":[{"href":"https:\/\/www.obviouscycles.com\/en\/wp-json\/wp\/v2\/pages"}],"about":[{"href":"https:\/\/www.obviouscycles.com\/en\/wp-json\/wp\/v2\/types\/page"}],"author":[{"embeddable":true,"href":"https:\/\/www.obviouscycles.com\/en\/wp-json\/wp\/v2\/users\/3"}],"replies":[{"embeddable":true,"href":"https:\/\/www.obviouscycles.com\/en\/wp-json\/wp\/v2\/comments?post=3303"}],"version-history":[{"count":0,"href":"https:\/\/www.obviouscycles.com\/en\/wp-json\/wp\/v2\/pages\/3303\/revisions"}],"up":[{"embeddable":true,"href":"https:\/\/www.obviouscycles.com\/en\/wp-json\/wp\/v2\/pages\/3259"}],"wp:featuredmedia":[{"embeddable":true,"href":"https:\/\/www.obviouscycles.com\/en\/wp-json\/wp\/v2\/media\/3271"}],"wp:attachment":[{"href":"https:\/\/www.obviouscycles.com\/en\/wp-json\/wp\/v2\/media?parent=3303"}],"curies":[{"name":"wp","href":"https:\/\/api.w.org\/{rel}","templated":true}]}}